{"id":6592,"date":"2018-12-17T15:43:25","date_gmt":"2018-12-17T13:43:25","guid":{"rendered":"https:\/\/palazzo.ee\/furniture-lightning-textiles\/bathroom\/corian\/"},"modified":"2024-01-04T19:19:54","modified_gmt":"2024-01-04T17:19:54","slug":"corian","status":"publish","type":"page","link":"https:\/\/palazzo.ee\/en\/furniture-lightning-textiles\/bathroom\/corian\/","title":{"rendered":"Corian"},"content":{"rendered":"<div class=\"wpb-content-wrapper\"><p>[vc_row content_placement=&#8221;middle&#8221; fullwidth=&#8221;yes&#8221;][vc_column][vc_column_text]<\/p>\n<p class=\"p1\"><span class=\"s1\">With innovative designs and an enduring colour palette, DuPont\u2122 Corian\u00ae will make all of your design aspirations come true. Achieve your dreams while still selecting a quality product that will stand up to whatever your life may throw at it. You can rest easy knowing you\u2019ve picked a worksurface to last a lifetime!<\/span><\/p>\n<p><a href=\"https:\/\/www.corian.uk\/-colours-of-corian-r-\">See more products from Corian\u2019s webpage<\/a><\/p>\n<div id='gallery-1' class='gallery galleryid-6592 gallery-columns-3 gallery-size-thumbnail'><figure class='gallery-item'>\n\t\t\t<div class='gallery-icon landscape'>\n\t\t\t\t<a href='https:\/\/palazzo.ee\/en\/furniture-lightning-textiles\/bathroom\/corian\/bathroom-corian-example1-2\/'><img loading=\"lazy\" decoding=\"async\" width=\"150\" height=\"150\" src=\"https:\/\/palazzo.ee\/wp-content\/uploads\/2018\/12\/bathroom-corian-example1-150x150.jpg\" class=\"attachment-thumbnail size-thumbnail\" alt=\"\" aria-describedby=\"gallery-1-6567\" srcset=\"https:\/\/palazzo.ee\/wp-content\/uploads\/2018\/12\/bathroom-corian-example1-150x150.jpg 150w, https:\/\/palazzo.ee\/wp-content\/uploads\/2018\/12\/bathroom-corian-example1-300x300.jpg 300w, https:\/\/palazzo.ee\/wp-content\/uploads\/2018\/12\/bathroom-corian-example1-100x100.jpg 100w\" sizes=\"auto, (max-width: 150px) 100vw, 150px\" \/><\/a>\n\t\t\t<\/div>\n\t\t\t\t<figcaption class='wp-caption-text gallery-caption' id='gallery-1-6567'>\n\t\t\t\tbathroom-corian-example1\n\t\t\t\t<\/figcaption><\/figure><figure class='gallery-item'>\n\t\t\t<div class='gallery-icon portrait'>\n\t\t\t\t<a href='https:\/\/palazzo.ee\/en\/furniture-lightning-textiles\/bathroom\/corian\/bathroom-corian-example2-2\/'><img loading=\"lazy\" decoding=\"async\" width=\"150\" height=\"150\" src=\"https:\/\/palazzo.ee\/wp-content\/uploads\/2018\/12\/bathroom-corian-example2-150x150.jpg\" class=\"attachment-thumbnail size-thumbnail\" alt=\"\" aria-describedby=\"gallery-1-6571\" srcset=\"https:\/\/palazzo.ee\/wp-content\/uploads\/2018\/12\/bathroom-corian-example2-150x150.jpg 150w, https:\/\/palazzo.ee\/wp-content\/uploads\/2018\/12\/bathroom-corian-example2-300x300.jpg 300w, https:\/\/palazzo.ee\/wp-content\/uploads\/2018\/12\/bathroom-corian-example2-100x100.jpg 100w\" sizes=\"auto, (max-width: 150px) 100vw, 150px\" \/><\/a>\n\t\t\t<\/div>\n\t\t\t\t<figcaption class='wp-caption-text gallery-caption' id='gallery-1-6571'>\n\t\t\t\tbathroom-corian-example2\n\t\t\t\t<\/figcaption><\/figure><figure class='gallery-item'>\n\t\t\t<div class='gallery-icon landscape'>\n\t\t\t\t<a href='https:\/\/palazzo.ee\/en\/furniture-lightning-textiles\/bathroom\/corian\/bathroom-corian-example3-2\/'><img loading=\"lazy\" decoding=\"async\" width=\"150\" height=\"150\" src=\"https:\/\/palazzo.ee\/wp-content\/uploads\/2018\/12\/bathroom-corian-example3-150x150.jpg\" class=\"attachment-thumbnail size-thumbnail\" alt=\"\" aria-describedby=\"gallery-1-6575\" srcset=\"https:\/\/palazzo.ee\/wp-content\/uploads\/2018\/12\/bathroom-corian-example3-150x150.jpg 150w, https:\/\/palazzo.ee\/wp-content\/uploads\/2018\/12\/bathroom-corian-example3-300x300.jpg 300w, https:\/\/palazzo.ee\/wp-content\/uploads\/2018\/12\/bathroom-corian-example3-100x100.jpg 100w\" sizes=\"auto, (max-width: 150px) 100vw, 150px\" \/><\/a>\n\t\t\t<\/div>\n\t\t\t\t<figcaption class='wp-caption-text gallery-caption' id='gallery-1-6575'>\n\t\t\t\tbathroom-corian-example3\n\t\t\t\t<\/figcaption><\/figure><figure class='gallery-item'>\n\t\t\t<div class='gallery-icon portrait'>\n\t\t\t\t<a href='https:\/\/palazzo.ee\/en\/furniture-lightning-textiles\/bathroom\/corian\/bathroom-corian-example4-2\/'><img loading=\"lazy\" decoding=\"async\" width=\"150\" height=\"150\" src=\"https:\/\/palazzo.ee\/wp-content\/uploads\/2018\/12\/bathroom-corian-example4-150x150.jpg\" class=\"attachment-thumbnail size-thumbnail\" alt=\"\" aria-describedby=\"gallery-1-6579\" srcset=\"https:\/\/palazzo.ee\/wp-content\/uploads\/2018\/12\/bathroom-corian-example4-150x150.jpg 150w, https:\/\/palazzo.ee\/wp-content\/uploads\/2018\/12\/bathroom-corian-example4-300x300.jpg 300w, https:\/\/palazzo.ee\/wp-content\/uploads\/2018\/12\/bathroom-corian-example4-100x100.jpg 100w\" sizes=\"auto, (max-width: 150px) 100vw, 150px\" \/><\/a>\n\t\t\t<\/div>\n\t\t\t\t<figcaption class='wp-caption-text gallery-caption' id='gallery-1-6579'>\n\t\t\t\tbathroom-corian-example4\n\t\t\t\t<\/figcaption><\/figure><figure class='gallery-item'>\n\t\t\t<div class='gallery-icon landscape'>\n\t\t\t\t<a href='https:\/\/palazzo.ee\/en\/furniture-lightning-textiles\/bathroom\/corian\/bathroom-corian-example5-2\/'><img loading=\"lazy\" decoding=\"async\" width=\"150\" height=\"150\" src=\"https:\/\/palazzo.ee\/wp-content\/uploads\/2018\/12\/bathroom-corian-example5-150x150.jpg\" class=\"attachment-thumbnail size-thumbnail\" alt=\"\" aria-describedby=\"gallery-1-6583\" srcset=\"https:\/\/palazzo.ee\/wp-content\/uploads\/2018\/12\/bathroom-corian-example5-150x150.jpg 150w, https:\/\/palazzo.ee\/wp-content\/uploads\/2018\/12\/bathroom-corian-example5-300x300.jpg 300w, https:\/\/palazzo.ee\/wp-content\/uploads\/2018\/12\/bathroom-corian-example5-100x100.jpg 100w\" sizes=\"auto, (max-width: 150px) 100vw, 150px\" \/><\/a>\n\t\t\t<\/div>\n\t\t\t\t<figcaption class='wp-caption-text gallery-caption' id='gallery-1-6583'>\n\t\t\t\tbathroom-corian-example5\n\t\t\t\t<\/figcaption><\/figure><figure class='gallery-item'>\n\t\t\t<div class='gallery-icon portrait'>\n\t\t\t\t<a href='https:\/\/palazzo.ee\/en\/furniture-lightning-textiles\/bathroom\/corian\/bathroom-corian-example6-2\/'><img loading=\"lazy\" decoding=\"async\" width=\"150\" height=\"150\" src=\"https:\/\/palazzo.ee\/wp-content\/uploads\/2018\/12\/bathroom-corian-example6-150x150.jpg\" class=\"attachment-thumbnail size-thumbnail\" alt=\"\" aria-describedby=\"gallery-1-6587\" srcset=\"https:\/\/palazzo.ee\/wp-content\/uploads\/2018\/12\/bathroom-corian-example6-150x150.jpg 150w, https:\/\/palazzo.ee\/wp-content\/uploads\/2018\/12\/bathroom-corian-example6-300x300.jpg 300w, https:\/\/palazzo.ee\/wp-content\/uploads\/2018\/12\/bathroom-corian-example6-100x100.jpg 100w\" sizes=\"auto, (max-width: 150px) 100vw, 150px\" \/><\/a>\n\t\t\t<\/div>\n\t\t\t\t<figcaption class='wp-caption-text gallery-caption' id='gallery-1-6587'>\n\t\t\t\tbathroom-corian-example6\n\t\t\t\t<\/figcaption><\/figure>\n\t\t<\/div>\n[\/vc_column_text][\/vc_column][\/vc_row][vc_row fullwidth=&#8221;yes&#8221; css=&#8221;.vc_custom_1528787291509{padding-top: 60px !important;padding-right: 60px !important;padding-bottom: 60px !important;padding-left: 60px !important;}&#8221; el_class=&#8221;text-center&#8221;][vc_column]\t\t\t\n\t<!-- Element: Button --> \n\t\t\t<a href=\"https:\/\/palazzo.ee\/en\/contact\" target=\"_self\" class=\"btn btn-primary  \">Send a message<\/a>\n\t    \n[\/vc_column][\/vc_row]<\/p>\n<\/div>","protected":false},"excerpt":{"rendered":"<p>[vc_row content_placement=&#8221;middle&#8221; fullwidth=&#8221;yes&#8221;][vc_column][vc_column_text] With innovative designs and an enduring colour palette, DuPont\u2122 Corian\u00ae will make all of your design aspirations come true. Achieve your&#8230; <a class=\"read-more\" href=\"https:\/\/palazzo.ee\/en\/furniture-lightning-textiles\/bathroom\/corian\/\">Read more<\/a><\/p>\n","protected":false},"author":2,"featured_media":6258,"parent":3006,"menu_order":0,"comment_status":"closed","ping_status":"closed","template":"templates\/template-products.php","meta":{"_acf_changed":false,"footnotes":""},"class_list":["post-6592","page","type-page","status-publish","has-post-thumbnail","hentry"],"acf":[],"yoast_head":"<!-- This site is optimized with the Yoast SEO plugin v27.4 - https:\/\/yoast.com\/product\/yoast-seo-wordpress\/ -->\n<title>Corian | Palazzo Interiors<\/title>\n<meta name=\"description\" content=\"DuPont\u2122 Corian\u00ae t\u00e4idab su kodu disainimise p\u00fc\u00fcdlused oma innovaatilise disaini ja suurep\u00e4rase v\u00e4rvivalikuga. Sa v\u00f5id olla kindel selles igikestvas t\u00f6\u00f6pinnas!\" \/>\n<meta name=\"robots\" content=\"index, follow, max-snippet:-1, max-image-preview:large, max-video-preview:-1\" \/>\n<link rel=\"canonical\" href=\"https:\/\/palazzo.ee\/en\/furniture-lightning-textiles\/bathroom\/corian\/\" \/>\n<meta property=\"og:locale\" content=\"en_US\" \/>\n<meta property=\"og:type\" content=\"article\" \/>\n<meta property=\"og:title\" content=\"Corian | Palazzo Interiors\" \/>\n<meta property=\"og:description\" content=\"DuPont\u2122 Corian\u00ae t\u00e4idab su kodu disainimise p\u00fc\u00fcdlused oma innovaatilise disaini ja suurep\u00e4rase v\u00e4rvivalikuga. Sa v\u00f5id olla kindel selles igikestvas t\u00f6\u00f6pinnas!\" \/>\n<meta property=\"og:url\" content=\"https:\/\/palazzo.ee\/en\/furniture-lightning-textiles\/bathroom\/corian\/\" \/>\n<meta property=\"og:site_name\" content=\"Palazzo Interiors\" \/>\n<meta property=\"article:publisher\" content=\"https:\/\/www.facebook.com\/interiorspalazzo\/\" \/>\n<meta property=\"article:modified_time\" content=\"2024-01-04T17:19:54+00:00\" \/>\n<meta property=\"og:image\" content=\"https:\/\/palazzo.ee\/wp-content\/uploads\/2018\/05\/brand-placeholder.png\" \/>\n\t<meta property=\"og:image:width\" content=\"700\" \/>\n\t<meta property=\"og:image:height\" content=\"457\" \/>\n\t<meta property=\"og:image:type\" content=\"image\/png\" \/>\n<meta name=\"twitter:card\" content=\"summary_large_image\" \/>\n<meta name=\"twitter:label1\" content=\"Est. reading time\" \/>\n\t<meta name=\"twitter:data1\" content=\"1 minute\" \/>\n<script type=\"application\/ld+json\" class=\"yoast-schema-graph\">{\"@context\":\"https:\\\/\\\/schema.org\",\"@graph\":[{\"@type\":\"WebPage\",\"@id\":\"https:\\\/\\\/palazzo.ee\\\/en\\\/furniture-lightning-textiles\\\/bathroom\\\/corian\\\/\",\"url\":\"https:\\\/\\\/palazzo.ee\\\/en\\\/furniture-lightning-textiles\\\/bathroom\\\/corian\\\/\",\"name\":\"Corian | Palazzo Interiors\",\"isPartOf\":{\"@id\":\"https:\\\/\\\/palazzo.ee\\\/en\\\/#website\"},\"primaryImageOfPage\":{\"@id\":\"https:\\\/\\\/palazzo.ee\\\/en\\\/furniture-lightning-textiles\\\/bathroom\\\/corian\\\/#primaryimage\"},\"image\":{\"@id\":\"https:\\\/\\\/palazzo.ee\\\/en\\\/furniture-lightning-textiles\\\/bathroom\\\/corian\\\/#primaryimage\"},\"thumbnailUrl\":\"https:\\\/\\\/palazzo.ee\\\/wp-content\\\/uploads\\\/2018\\\/05\\\/brand-placeholder.png\",\"datePublished\":\"2018-12-17T13:43:25+00:00\",\"dateModified\":\"2024-01-04T17:19:54+00:00\",\"description\":\"DuPont\u2122 Corian\u00ae t\u00e4idab su kodu disainimise p\u00fc\u00fcdlused oma innovaatilise disaini ja suurep\u00e4rase v\u00e4rvivalikuga. Sa v\u00f5id olla kindel selles igikestvas t\u00f6\u00f6pinnas!\",\"breadcrumb\":{\"@id\":\"https:\\\/\\\/palazzo.ee\\\/en\\\/furniture-lightning-textiles\\\/bathroom\\\/corian\\\/#breadcrumb\"},\"inLanguage\":\"en-US\",\"potentialAction\":[{\"@type\":\"ReadAction\",\"target\":[\"https:\\\/\\\/palazzo.ee\\\/en\\\/furniture-lightning-textiles\\\/bathroom\\\/corian\\\/\"]}]},{\"@type\":\"ImageObject\",\"inLanguage\":\"en-US\",\"@id\":\"https:\\\/\\\/palazzo.ee\\\/en\\\/furniture-lightning-textiles\\\/bathroom\\\/corian\\\/#primaryimage\",\"url\":\"https:\\\/\\\/palazzo.ee\\\/wp-content\\\/uploads\\\/2018\\\/05\\\/brand-placeholder.png\",\"contentUrl\":\"https:\\\/\\\/palazzo.ee\\\/wp-content\\\/uploads\\\/2018\\\/05\\\/brand-placeholder.png\",\"width\":700,\"height\":457},{\"@type\":\"BreadcrumbList\",\"@id\":\"https:\\\/\\\/palazzo.ee\\\/en\\\/furniture-lightning-textiles\\\/bathroom\\\/corian\\\/#breadcrumb\",\"itemListElement\":[{\"@type\":\"ListItem\",\"position\":1,\"name\":\"Furniture, lighting, textiles\",\"item\":\"https:\\\/\\\/palazzo.ee\\\/en\\\/furniture-lightning-textiles\\\/\"},{\"@type\":\"ListItem\",\"position\":2,\"name\":\"Bathroom\",\"item\":\"https:\\\/\\\/palazzo.ee\\\/en\\\/furniture-lightning-textiles\\\/bathroom\\\/\"},{\"@type\":\"ListItem\",\"position\":3,\"name\":\"Corian\"}]},{\"@type\":\"WebSite\",\"@id\":\"https:\\\/\\\/palazzo.ee\\\/en\\\/#website\",\"url\":\"https:\\\/\\\/palazzo.ee\\\/en\\\/\",\"name\":\"Palazzo Interiors\",\"description\":\"\",\"publisher\":{\"@id\":\"https:\\\/\\\/palazzo.ee\\\/en\\\/#organization\"},\"potentialAction\":[{\"@type\":\"SearchAction\",\"target\":{\"@type\":\"EntryPoint\",\"urlTemplate\":\"https:\\\/\\\/palazzo.ee\\\/en\\\/?s={search_term_string}\"},\"query-input\":{\"@type\":\"PropertyValueSpecification\",\"valueRequired\":true,\"valueName\":\"search_term_string\"}}],\"inLanguage\":\"en-US\"},{\"@type\":\"Organization\",\"@id\":\"https:\\\/\\\/palazzo.ee\\\/en\\\/#organization\",\"name\":\"Palazzo Interiors\",\"url\":\"https:\\\/\\\/palazzo.ee\\\/en\\\/\",\"logo\":{\"@type\":\"ImageObject\",\"inLanguage\":\"en-US\",\"@id\":\"https:\\\/\\\/palazzo.ee\\\/en\\\/#\\\/schema\\\/logo\\\/image\\\/\",\"url\":\"https:\\\/\\\/palazzo.ee\\\/wp-content\\\/uploads\\\/2023\\\/11\\\/palazzo-logo.png\",\"contentUrl\":\"https:\\\/\\\/palazzo.ee\\\/wp-content\\\/uploads\\\/2023\\\/11\\\/palazzo-logo.png\",\"width\":296,\"height\":128,\"caption\":\"Palazzo Interiors\"},\"image\":{\"@id\":\"https:\\\/\\\/palazzo.ee\\\/en\\\/#\\\/schema\\\/logo\\\/image\\\/\"},\"sameAs\":[\"https:\\\/\\\/www.facebook.com\\\/interiorspalazzo\\\/\",\"https:\\\/\\\/www.linkedin.com\\\/company\\\/palazzointeriors\\\/\"]}]}<\/script>\n<!-- \/ Yoast SEO plugin. -->","yoast_head_json":{"title":"Corian | Palazzo Interiors","description":"DuPont\u2122 Corian\u00ae t\u00e4idab su kodu disainimise p\u00fc\u00fcdlused oma innovaatilise disaini ja suurep\u00e4rase v\u00e4rvivalikuga. Sa v\u00f5id olla kindel selles igikestvas t\u00f6\u00f6pinnas!","robots":{"index":"index","follow":"follow","max-snippet":"max-snippet:-1","max-image-preview":"max-image-preview:large","max-video-preview":"max-video-preview:-1"},"canonical":"https:\/\/palazzo.ee\/en\/furniture-lightning-textiles\/bathroom\/corian\/","og_locale":"en_US","og_type":"article","og_title":"Corian | Palazzo Interiors","og_description":"DuPont\u2122 Corian\u00ae t\u00e4idab su kodu disainimise p\u00fc\u00fcdlused oma innovaatilise disaini ja suurep\u00e4rase v\u00e4rvivalikuga. Sa v\u00f5id olla kindel selles igikestvas t\u00f6\u00f6pinnas!","og_url":"https:\/\/palazzo.ee\/en\/furniture-lightning-textiles\/bathroom\/corian\/","og_site_name":"Palazzo Interiors","article_publisher":"https:\/\/www.facebook.com\/interiorspalazzo\/","article_modified_time":"2024-01-04T17:19:54+00:00","og_image":[{"width":700,"height":457,"url":"https:\/\/palazzo.ee\/wp-content\/uploads\/2018\/05\/brand-placeholder.png","type":"image\/png"}],"twitter_card":"summary_large_image","twitter_misc":{"Est. reading time":"1 minute"},"schema":{"@context":"https:\/\/schema.org","@graph":[{"@type":"WebPage","@id":"https:\/\/palazzo.ee\/en\/furniture-lightning-textiles\/bathroom\/corian\/","url":"https:\/\/palazzo.ee\/en\/furniture-lightning-textiles\/bathroom\/corian\/","name":"Corian | Palazzo Interiors","isPartOf":{"@id":"https:\/\/palazzo.ee\/en\/#website"},"primaryImageOfPage":{"@id":"https:\/\/palazzo.ee\/en\/furniture-lightning-textiles\/bathroom\/corian\/#primaryimage"},"image":{"@id":"https:\/\/palazzo.ee\/en\/furniture-lightning-textiles\/bathroom\/corian\/#primaryimage"},"thumbnailUrl":"https:\/\/palazzo.ee\/wp-content\/uploads\/2018\/05\/brand-placeholder.png","datePublished":"2018-12-17T13:43:25+00:00","dateModified":"2024-01-04T17:19:54+00:00","description":"DuPont\u2122 Corian\u00ae t\u00e4idab su kodu disainimise p\u00fc\u00fcdlused oma innovaatilise disaini ja suurep\u00e4rase v\u00e4rvivalikuga. Sa v\u00f5id olla kindel selles igikestvas t\u00f6\u00f6pinnas!","breadcrumb":{"@id":"https:\/\/palazzo.ee\/en\/furniture-lightning-textiles\/bathroom\/corian\/#breadcrumb"},"inLanguage":"en-US","potentialAction":[{"@type":"ReadAction","target":["https:\/\/palazzo.ee\/en\/furniture-lightning-textiles\/bathroom\/corian\/"]}]},{"@type":"ImageObject","inLanguage":"en-US","@id":"https:\/\/palazzo.ee\/en\/furniture-lightning-textiles\/bathroom\/corian\/#primaryimage","url":"https:\/\/palazzo.ee\/wp-content\/uploads\/2018\/05\/brand-placeholder.png","contentUrl":"https:\/\/palazzo.ee\/wp-content\/uploads\/2018\/05\/brand-placeholder.png","width":700,"height":457},{"@type":"BreadcrumbList","@id":"https:\/\/palazzo.ee\/en\/furniture-lightning-textiles\/bathroom\/corian\/#breadcrumb","itemListElement":[{"@type":"ListItem","position":1,"name":"Furniture, lighting, textiles","item":"https:\/\/palazzo.ee\/en\/furniture-lightning-textiles\/"},{"@type":"ListItem","position":2,"name":"Bathroom","item":"https:\/\/palazzo.ee\/en\/furniture-lightning-textiles\/bathroom\/"},{"@type":"ListItem","position":3,"name":"Corian"}]},{"@type":"WebSite","@id":"https:\/\/palazzo.ee\/en\/#website","url":"https:\/\/palazzo.ee\/en\/","name":"Palazzo Interiors","description":"","publisher":{"@id":"https:\/\/palazzo.ee\/en\/#organization"},"potentialAction":[{"@type":"SearchAction","target":{"@type":"EntryPoint","urlTemplate":"https:\/\/palazzo.ee\/en\/?s={search_term_string}"},"query-input":{"@type":"PropertyValueSpecification","valueRequired":true,"valueName":"search_term_string"}}],"inLanguage":"en-US"},{"@type":"Organization","@id":"https:\/\/palazzo.ee\/en\/#organization","name":"Palazzo Interiors","url":"https:\/\/palazzo.ee\/en\/","logo":{"@type":"ImageObject","inLanguage":"en-US","@id":"https:\/\/palazzo.ee\/en\/#\/schema\/logo\/image\/","url":"https:\/\/palazzo.ee\/wp-content\/uploads\/2023\/11\/palazzo-logo.png","contentUrl":"https:\/\/palazzo.ee\/wp-content\/uploads\/2023\/11\/palazzo-logo.png","width":296,"height":128,"caption":"Palazzo Interiors"},"image":{"@id":"https:\/\/palazzo.ee\/en\/#\/schema\/logo\/image\/"},"sameAs":["https:\/\/www.facebook.com\/interiorspalazzo\/","https:\/\/www.linkedin.com\/company\/palazzointeriors\/"]}]}},"_links":{"self":[{"href":"https:\/\/palazzo.ee\/en\/wp-json\/wp\/v2\/pages\/6592","targetHints":{"allow":["GET"]}}],"collection":[{"href":"https:\/\/palazzo.ee\/en\/wp-json\/wp\/v2\/pages"}],"about":[{"href":"https:\/\/palazzo.ee\/en\/wp-json\/wp\/v2\/types\/page"}],"author":[{"embeddable":true,"href":"https:\/\/palazzo.ee\/en\/wp-json\/wp\/v2\/users\/2"}],"replies":[{"embeddable":true,"href":"https:\/\/palazzo.ee\/en\/wp-json\/wp\/v2\/comments?post=6592"}],"version-history":[{"count":2,"href":"https:\/\/palazzo.ee\/en\/wp-json\/wp\/v2\/pages\/6592\/revisions"}],"predecessor-version":[{"id":23657,"href":"https:\/\/palazzo.ee\/en\/wp-json\/wp\/v2\/pages\/6592\/revisions\/23657"}],"up":[{"embeddable":true,"href":"https:\/\/palazzo.ee\/en\/wp-json\/wp\/v2\/pages\/3006"}],"wp:featuredmedia":[{"embeddable":true,"href":"https:\/\/palazzo.ee\/en\/wp-json\/wp\/v2\/media\/6258"}],"wp:attachment":[{"href":"https:\/\/palazzo.ee\/en\/wp-json\/wp\/v2\/media?parent=6592"}],"curies":[{"name":"wp","href":"https:\/\/api.w.org\/{rel}","templated":true}]}}