{"id":23697,"date":"2024-01-05T10:27:01","date_gmt":"2024-01-05T08:27:01","guid":{"rendered":"https:\/\/palazzo.ee\/furniture-lightning-textiles\/outdoor-furniture\/froncrete\/"},"modified":"2024-01-05T10:27:02","modified_gmt":"2024-01-05T08:27:02","slug":"froncrete","status":"publish","type":"page","link":"https:\/\/palazzo.ee\/en\/furniture-lightning-textiles\/outdoor-furniture\/froncrete\/","title":{"rendered":"FRONCRETE"},"content":{"rendered":"<div class=\"wpb-content-wrapper\"><p>[vc_row content_placement=&#8221;middle&#8221; fullwidth=&#8221;yes&#8221;][vc_column][vc_column_text]<\/p>\n<p class=\"p1\">FRONCRETE, an outdoor kitchen enjoyable year-round. Compact outdoor kitchens with lightweight concrete facade and sides that are not only beautiful but also lightweight, water-resistant, scratch-resistant, weather-resistant, and easy to maintain.<\/p>\n<p><a href=\"https:\/\/www.froncrete.com\/valikoogid\" target=\"_blank\" rel=\"noopener\">See more products from Froncrete website<\/a><\/p>\n<div id='gallery-1' class='gallery galleryid-23697 gallery-columns-3 gallery-size-thumbnail'><figure class='gallery-item'>\n\t\t\t<div class='gallery-icon landscape'>\n\t\t\t\t<a href='https:\/\/palazzo.ee\/en\/furniture-lightning-textiles\/outdoor-furniture\/froncrete\/froncrete-valikook-1-2\/'><img loading=\"lazy\" decoding=\"async\" width=\"150\" height=\"150\" src=\"https:\/\/palazzo.ee\/wp-content\/uploads\/2023\/05\/Froncrete-valikook-1-150x150.jpg\" class=\"attachment-thumbnail size-thumbnail\" alt=\"Froncrete- v\u00e4lik\u00f6\u00f6k- 1\" aria-describedby=\"gallery-1-12348\" srcset=\"https:\/\/palazzo.ee\/wp-content\/uploads\/2023\/05\/Froncrete-valikook-1-150x150.jpg 150w, https:\/\/palazzo.ee\/wp-content\/uploads\/2023\/05\/Froncrete-valikook-1-300x300.jpg 300w, https:\/\/palazzo.ee\/wp-content\/uploads\/2023\/05\/Froncrete-valikook-1-100x100.jpg 100w\" sizes=\"auto, (max-width: 150px) 100vw, 150px\" \/><\/a>\n\t\t\t<\/div>\n\t\t\t\t<figcaption class='wp-caption-text gallery-caption' id='gallery-1-12348'>\n\t\t\t\tFroncrete- v\u00e4lik\u00f6\u00f6k- 1\n\t\t\t\t<\/figcaption><\/figure><figure class='gallery-item'>\n\t\t\t<div class='gallery-icon portrait'>\n\t\t\t\t<a href='https:\/\/palazzo.ee\/en\/furniture-lightning-textiles\/outdoor-furniture\/froncrete\/froncrete-valikook-2-2\/'><img loading=\"lazy\" decoding=\"async\" width=\"150\" height=\"150\" src=\"https:\/\/palazzo.ee\/wp-content\/uploads\/2023\/05\/Froncrete-valikook-2-150x150.jpg\" class=\"attachment-thumbnail size-thumbnail\" alt=\"Froncrete- v\u00e4lik\u00f6\u00f6k- 2\" aria-describedby=\"gallery-1-12345\" srcset=\"https:\/\/palazzo.ee\/wp-content\/uploads\/2023\/05\/Froncrete-valikook-2-150x150.jpg 150w, https:\/\/palazzo.ee\/wp-content\/uploads\/2023\/05\/Froncrete-valikook-2-300x300.jpg 300w, https:\/\/palazzo.ee\/wp-content\/uploads\/2023\/05\/Froncrete-valikook-2-100x100.jpg 100w, https:\/\/palazzo.ee\/wp-content\/uploads\/2023\/05\/Froncrete-valikook-2-298x300.jpg 298w, https:\/\/palazzo.ee\/wp-content\/uploads\/2023\/05\/Froncrete-valikook-2.jpg 600w\" sizes=\"auto, (max-width: 150px) 100vw, 150px\" \/><\/a>\n\t\t\t<\/div>\n\t\t\t\t<figcaption class='wp-caption-text gallery-caption' id='gallery-1-12345'>\n\t\t\t\tFroncrete- v\u00e4lik\u00f6\u00f6k- 2\n\t\t\t\t<\/figcaption><\/figure>\n\t\t<\/div>\n\n<p>[\/vc_column_text][\/vc_column][\/vc_row][vc_row fullwidth=&#8221;yes&#8221; el_class=&#8221;text-center&#8221; css=&#8221;.vc_custom_1528793851847{padding-top: 60px !important;padding-right: 60px !important;padding-bottom: 60px !important;padding-left: 60px !important;}&#8221;][vc_column]\t\t\t\n\t<!-- Element: Button --> \n\t\t\t<a href=\"https:\/\/palazzo.ee\/en\/contact\" target=\"_self\" class=\"btn btn-primary  \">Send a message<\/a>\n\t    \n[\/vc_column][\/vc_row]<\/p>\n<\/div>","protected":false},"excerpt":{"rendered":"<p>[vc_row content_placement=&#8221;middle&#8221; fullwidth=&#8221;yes&#8221;][vc_column][vc_column_text] FRONCRETE, an outdoor kitchen enjoyable year-round. Compact outdoor kitchens with lightweight concrete facade and sides that are not only beautiful but&#8230; <a class=\"read-more\" href=\"https:\/\/palazzo.ee\/en\/furniture-lightning-textiles\/outdoor-furniture\/froncrete\/\">Read more<\/a><\/p>\n","protected":false},"author":8,"featured_media":6258,"parent":3000,"menu_order":0,"comment_status":"closed","ping_status":"closed","template":"templates\/template-products.php","meta":{"_acf_changed":false,"footnotes":""},"class_list":["post-23697","page","type-page","status-publish","has-post-thumbnail","hentry"],"acf":[],"yoast_head":"<!-- This site is optimized with the Yoast SEO plugin v27.6 - https:\/\/yoast.com\/product\/yoast-seo-wordpress\/ -->\n<title>Froncrete | Interior design and furniture<\/title>\n<meta name=\"description\" content=\"FRONCRETE, an outdoor kitchen enjoyable year-round. Compact outdoor kitchens with lightweight concrete facade and sides that are not only beautiful but also lightweight, water-resistant, scratch-resistant, weather-resistant, and easy to maintain.\" \/>\n<meta name=\"robots\" content=\"index, follow, max-snippet:-1, max-image-preview:large, max-video-preview:-1\" \/>\n<link rel=\"canonical\" href=\"https:\/\/palazzo.ee\/en\/furniture-lightning-textiles\/outdoor-furniture\/froncrete\/\" \/>\n<meta property=\"og:locale\" content=\"en_US\" \/>\n<meta property=\"og:type\" content=\"article\" \/>\n<meta property=\"og:title\" content=\"Froncrete | Interior design and furniture\" \/>\n<meta property=\"og:description\" content=\"FRONCRETE, an outdoor kitchen enjoyable year-round. Compact outdoor kitchens with lightweight concrete facade and sides that are not only beautiful but also lightweight, water-resistant, scratch-resistant, weather-resistant, and easy to maintain.\" \/>\n<meta property=\"og:url\" content=\"https:\/\/palazzo.ee\/en\/furniture-lightning-textiles\/outdoor-furniture\/froncrete\/\" \/>\n<meta property=\"og:site_name\" content=\"Palazzo Interiors\" \/>\n<meta property=\"article:publisher\" content=\"https:\/\/www.facebook.com\/interiorspalazzo\/\" \/>\n<meta property=\"article:modified_time\" content=\"2024-01-05T08:27:02+00:00\" \/>\n<meta property=\"og:image\" content=\"https:\/\/palazzo.ee\/wp-content\/uploads\/2018\/05\/brand-placeholder.png\" \/>\n\t<meta property=\"og:image:width\" content=\"700\" \/>\n\t<meta property=\"og:image:height\" content=\"457\" \/>\n\t<meta property=\"og:image:type\" content=\"image\/png\" \/>\n<meta name=\"twitter:card\" content=\"summary_large_image\" \/>\n<script type=\"application\/ld+json\" class=\"yoast-schema-graph\">{\"@context\":\"https:\\\/\\\/schema.org\",\"@graph\":[{\"@type\":\"WebPage\",\"@id\":\"https:\\\/\\\/palazzo.ee\\\/en\\\/furniture-lightning-textiles\\\/outdoor-furniture\\\/froncrete\\\/\",\"url\":\"https:\\\/\\\/palazzo.ee\\\/en\\\/furniture-lightning-textiles\\\/outdoor-furniture\\\/froncrete\\\/\",\"name\":\"Froncrete | Interior design and furniture\",\"isPartOf\":{\"@id\":\"https:\\\/\\\/palazzo.ee\\\/en\\\/#website\"},\"primaryImageOfPage\":{\"@id\":\"https:\\\/\\\/palazzo.ee\\\/en\\\/furniture-lightning-textiles\\\/outdoor-furniture\\\/froncrete\\\/#primaryimage\"},\"image\":{\"@id\":\"https:\\\/\\\/palazzo.ee\\\/en\\\/furniture-lightning-textiles\\\/outdoor-furniture\\\/froncrete\\\/#primaryimage\"},\"thumbnailUrl\":\"https:\\\/\\\/palazzo.ee\\\/wp-content\\\/uploads\\\/2018\\\/05\\\/brand-placeholder.png\",\"datePublished\":\"2024-01-05T08:27:01+00:00\",\"dateModified\":\"2024-01-05T08:27:02+00:00\",\"description\":\"FRONCRETE, an outdoor kitchen enjoyable year-round. Compact outdoor kitchens with lightweight concrete facade and sides that are not only beautiful but also lightweight, water-resistant, scratch-resistant, weather-resistant, and easy to maintain.\",\"breadcrumb\":{\"@id\":\"https:\\\/\\\/palazzo.ee\\\/en\\\/furniture-lightning-textiles\\\/outdoor-furniture\\\/froncrete\\\/#breadcrumb\"},\"inLanguage\":\"en-US\",\"potentialAction\":[{\"@type\":\"ReadAction\",\"target\":[\"https:\\\/\\\/palazzo.ee\\\/en\\\/furniture-lightning-textiles\\\/outdoor-furniture\\\/froncrete\\\/\"]}]},{\"@type\":\"ImageObject\",\"inLanguage\":\"en-US\",\"@id\":\"https:\\\/\\\/palazzo.ee\\\/en\\\/furniture-lightning-textiles\\\/outdoor-furniture\\\/froncrete\\\/#primaryimage\",\"url\":\"https:\\\/\\\/palazzo.ee\\\/wp-content\\\/uploads\\\/2018\\\/05\\\/brand-placeholder.png\",\"contentUrl\":\"https:\\\/\\\/palazzo.ee\\\/wp-content\\\/uploads\\\/2018\\\/05\\\/brand-placeholder.png\",\"width\":700,\"height\":457},{\"@type\":\"BreadcrumbList\",\"@id\":\"https:\\\/\\\/palazzo.ee\\\/en\\\/furniture-lightning-textiles\\\/outdoor-furniture\\\/froncrete\\\/#breadcrumb\",\"itemListElement\":[{\"@type\":\"ListItem\",\"position\":1,\"name\":\"Furniture, lighting, textiles\",\"item\":\"https:\\\/\\\/palazzo.ee\\\/en\\\/furniture-lightning-textiles\\\/\"},{\"@type\":\"ListItem\",\"position\":2,\"name\":\"Outdoor furniture\",\"item\":\"https:\\\/\\\/palazzo.ee\\\/en\\\/furniture-lightning-textiles\\\/outdoor-furniture\\\/\"},{\"@type\":\"ListItem\",\"position\":3,\"name\":\"FRONCRETE\"}]},{\"@type\":\"WebSite\",\"@id\":\"https:\\\/\\\/palazzo.ee\\\/en\\\/#website\",\"url\":\"https:\\\/\\\/palazzo.ee\\\/en\\\/\",\"name\":\"Palazzo Interiors\",\"description\":\"\",\"publisher\":{\"@id\":\"https:\\\/\\\/palazzo.ee\\\/en\\\/#organization\"},\"potentialAction\":[{\"@type\":\"SearchAction\",\"target\":{\"@type\":\"EntryPoint\",\"urlTemplate\":\"https:\\\/\\\/palazzo.ee\\\/en\\\/?s={search_term_string}\"},\"query-input\":{\"@type\":\"PropertyValueSpecification\",\"valueRequired\":true,\"valueName\":\"search_term_string\"}}],\"inLanguage\":\"en-US\"},{\"@type\":\"Organization\",\"@id\":\"https:\\\/\\\/palazzo.ee\\\/en\\\/#organization\",\"name\":\"Palazzo Interiors\",\"url\":\"https:\\\/\\\/palazzo.ee\\\/en\\\/\",\"logo\":{\"@type\":\"ImageObject\",\"inLanguage\":\"en-US\",\"@id\":\"https:\\\/\\\/palazzo.ee\\\/en\\\/#\\\/schema\\\/logo\\\/image\\\/\",\"url\":\"https:\\\/\\\/palazzo.ee\\\/wp-content\\\/uploads\\\/2023\\\/11\\\/palazzo-logo.png\",\"contentUrl\":\"https:\\\/\\\/palazzo.ee\\\/wp-content\\\/uploads\\\/2023\\\/11\\\/palazzo-logo.png\",\"width\":296,\"height\":128,\"caption\":\"Palazzo Interiors\"},\"image\":{\"@id\":\"https:\\\/\\\/palazzo.ee\\\/en\\\/#\\\/schema\\\/logo\\\/image\\\/\"},\"sameAs\":[\"https:\\\/\\\/www.facebook.com\\\/interiorspalazzo\\\/\",\"https:\\\/\\\/www.linkedin.com\\\/company\\\/palazzointeriors\\\/\"]}]}<\/script>\n<!-- \/ Yoast SEO plugin. -->","yoast_head_json":{"title":"Froncrete | Interior design and furniture","description":"FRONCRETE, an outdoor kitchen enjoyable year-round. Compact outdoor kitchens with lightweight concrete facade and sides that are not only beautiful but also lightweight, water-resistant, scratch-resistant, weather-resistant, and easy to maintain.","robots":{"index":"index","follow":"follow","max-snippet":"max-snippet:-1","max-image-preview":"max-image-preview:large","max-video-preview":"max-video-preview:-1"},"canonical":"https:\/\/palazzo.ee\/en\/furniture-lightning-textiles\/outdoor-furniture\/froncrete\/","og_locale":"en_US","og_type":"article","og_title":"Froncrete | Interior design and furniture","og_description":"FRONCRETE, an outdoor kitchen enjoyable year-round. Compact outdoor kitchens with lightweight concrete facade and sides that are not only beautiful but also lightweight, water-resistant, scratch-resistant, weather-resistant, and easy to maintain.","og_url":"https:\/\/palazzo.ee\/en\/furniture-lightning-textiles\/outdoor-furniture\/froncrete\/","og_site_name":"Palazzo Interiors","article_publisher":"https:\/\/www.facebook.com\/interiorspalazzo\/","article_modified_time":"2024-01-05T08:27:02+00:00","og_image":[{"width":700,"height":457,"url":"https:\/\/palazzo.ee\/wp-content\/uploads\/2018\/05\/brand-placeholder.png","type":"image\/png"}],"twitter_card":"summary_large_image","schema":{"@context":"https:\/\/schema.org","@graph":[{"@type":"WebPage","@id":"https:\/\/palazzo.ee\/en\/furniture-lightning-textiles\/outdoor-furniture\/froncrete\/","url":"https:\/\/palazzo.ee\/en\/furniture-lightning-textiles\/outdoor-furniture\/froncrete\/","name":"Froncrete | Interior design and furniture","isPartOf":{"@id":"https:\/\/palazzo.ee\/en\/#website"},"primaryImageOfPage":{"@id":"https:\/\/palazzo.ee\/en\/furniture-lightning-textiles\/outdoor-furniture\/froncrete\/#primaryimage"},"image":{"@id":"https:\/\/palazzo.ee\/en\/furniture-lightning-textiles\/outdoor-furniture\/froncrete\/#primaryimage"},"thumbnailUrl":"https:\/\/palazzo.ee\/wp-content\/uploads\/2018\/05\/brand-placeholder.png","datePublished":"2024-01-05T08:27:01+00:00","dateModified":"2024-01-05T08:27:02+00:00","description":"FRONCRETE, an outdoor kitchen enjoyable year-round. Compact outdoor kitchens with lightweight concrete facade and sides that are not only beautiful but also lightweight, water-resistant, scratch-resistant, weather-resistant, and easy to maintain.","breadcrumb":{"@id":"https:\/\/palazzo.ee\/en\/furniture-lightning-textiles\/outdoor-furniture\/froncrete\/#breadcrumb"},"inLanguage":"en-US","potentialAction":[{"@type":"ReadAction","target":["https:\/\/palazzo.ee\/en\/furniture-lightning-textiles\/outdoor-furniture\/froncrete\/"]}]},{"@type":"ImageObject","inLanguage":"en-US","@id":"https:\/\/palazzo.ee\/en\/furniture-lightning-textiles\/outdoor-furniture\/froncrete\/#primaryimage","url":"https:\/\/palazzo.ee\/wp-content\/uploads\/2018\/05\/brand-placeholder.png","contentUrl":"https:\/\/palazzo.ee\/wp-content\/uploads\/2018\/05\/brand-placeholder.png","width":700,"height":457},{"@type":"BreadcrumbList","@id":"https:\/\/palazzo.ee\/en\/furniture-lightning-textiles\/outdoor-furniture\/froncrete\/#breadcrumb","itemListElement":[{"@type":"ListItem","position":1,"name":"Furniture, lighting, textiles","item":"https:\/\/palazzo.ee\/en\/furniture-lightning-textiles\/"},{"@type":"ListItem","position":2,"name":"Outdoor furniture","item":"https:\/\/palazzo.ee\/en\/furniture-lightning-textiles\/outdoor-furniture\/"},{"@type":"ListItem","position":3,"name":"FRONCRETE"}]},{"@type":"WebSite","@id":"https:\/\/palazzo.ee\/en\/#website","url":"https:\/\/palazzo.ee\/en\/","name":"Palazzo Interiors","description":"","publisher":{"@id":"https:\/\/palazzo.ee\/en\/#organization"},"potentialAction":[{"@type":"SearchAction","target":{"@type":"EntryPoint","urlTemplate":"https:\/\/palazzo.ee\/en\/?s={search_term_string}"},"query-input":{"@type":"PropertyValueSpecification","valueRequired":true,"valueName":"search_term_string"}}],"inLanguage":"en-US"},{"@type":"Organization","@id":"https:\/\/palazzo.ee\/en\/#organization","name":"Palazzo Interiors","url":"https:\/\/palazzo.ee\/en\/","logo":{"@type":"ImageObject","inLanguage":"en-US","@id":"https:\/\/palazzo.ee\/en\/#\/schema\/logo\/image\/","url":"https:\/\/palazzo.ee\/wp-content\/uploads\/2023\/11\/palazzo-logo.png","contentUrl":"https:\/\/palazzo.ee\/wp-content\/uploads\/2023\/11\/palazzo-logo.png","width":296,"height":128,"caption":"Palazzo Interiors"},"image":{"@id":"https:\/\/palazzo.ee\/en\/#\/schema\/logo\/image\/"},"sameAs":["https:\/\/www.facebook.com\/interiorspalazzo\/","https:\/\/www.linkedin.com\/company\/palazzointeriors\/"]}]}},"_links":{"self":[{"href":"https:\/\/palazzo.ee\/en\/wp-json\/wp\/v2\/pages\/23697","targetHints":{"allow":["GET"]}}],"collection":[{"href":"https:\/\/palazzo.ee\/en\/wp-json\/wp\/v2\/pages"}],"about":[{"href":"https:\/\/palazzo.ee\/en\/wp-json\/wp\/v2\/types\/page"}],"author":[{"embeddable":true,"href":"https:\/\/palazzo.ee\/en\/wp-json\/wp\/v2\/users\/8"}],"replies":[{"embeddable":true,"href":"https:\/\/palazzo.ee\/en\/wp-json\/wp\/v2\/comments?post=23697"}],"version-history":[{"count":2,"href":"https:\/\/palazzo.ee\/en\/wp-json\/wp\/v2\/pages\/23697\/revisions"}],"predecessor-version":[{"id":23699,"href":"https:\/\/palazzo.ee\/en\/wp-json\/wp\/v2\/pages\/23697\/revisions\/23699"}],"up":[{"embeddable":true,"href":"https:\/\/palazzo.ee\/en\/wp-json\/wp\/v2\/pages\/3000"}],"wp:featuredmedia":[{"embeddable":true,"href":"https:\/\/palazzo.ee\/en\/wp-json\/wp\/v2\/media\/6258"}],"wp:attachment":[{"href":"https:\/\/palazzo.ee\/en\/wp-json\/wp\/v2\/media?parent=23697"}],"curies":[{"name":"wp","href":"https:\/\/api.w.org\/{rel}","templated":true}]}}